{"id":935,"date":"2026-01-27T14:55:57","date_gmt":"2026-01-27T14:55:57","guid":{"rendered":"https:\/\/castellodisepte.cambia-marketing.it\/?page_id=935"},"modified":"2026-02-20T14:43:35","modified_gmt":"2026-02-20T14:43:35","slug":"ristorante","status":"publish","type":"page","link":"https:\/\/castellodisepte.com\/en\/ristorante\/","title":{"rendered":"Ristorante"},"content":{"rendered":"<div data-elementor-type=\"wp-page\" data-elementor-id=\"935\" class=\"elementor elementor-935\" data-elementor-post-type=\"page\">\n\t\t\t\t<div class=\"elementor-element elementor-element-4300ffd e-con-full e-flex e-con e-parent\" data-id=\"4300ffd\" data-element_type=\"container\" data-e-type=\"container\">\n\t\t\t\t<div class=\"elementor-element elementor-element-8faf93e elementor-widget-mobile__width-initial elementor-widget elementor-widget-heading\" data-id=\"8faf93e\" data-element_type=\"widget\" data-e-type=\"widget\" data-widget_type=\"heading.default\">\n\t\t\t\t\t<h2 class=\"elementor-heading-title elementor-size-default\">Tradition and taste <br>\nat the Castello di Septe restaurant<\/h2>\t\t\t\t<\/div>\n\t\t\t\t<div class=\"elementor-element elementor-element-d79baff elementor-widget__width-initial elementor-widget elementor-widget-heading\" data-id=\"d79baff\" data-element_type=\"widget\" data-e-type=\"widget\" data-widget_type=\"heading.default\">\n\t\t\t\t\t<h2 class=\"elementor-heading-title elementor-size-default\">The cuisine is a journey through the authentic flavors of Abruzzo, where tradition and creativity meet in refined dishes.<\/h2>\t\t\t\t<\/div>\n\t\t\t\t<\/div>\n\t\t<div class=\"elementor-element elementor-element-3bf4cc2 e-con-full e-flex e-con e-parent\" data-id=\"3bf4cc2\" data-element_type=\"container\" data-e-type=\"container\" data-settings=\"{&quot;background_background&quot;:&quot;classic&quot;}\">\n\t\t\t\t<\/div>\n\t\t<div class=\"elementor-element elementor-element-b805684 e-con-full e-flex e-con e-parent\" data-id=\"b805684\" data-element_type=\"container\" data-e-type=\"container\">\n\t\t\t\t<div class=\"elementor-element elementor-element-2f8eebf elementor-widget__width-initial elementor-widget elementor-widget-heading\" data-id=\"2f8eebf\" data-element_type=\"widget\" data-e-type=\"widget\" data-widget_type=\"heading.default\">\n\t\t\t\t\t<h2 class=\"elementor-heading-title elementor-size-default\">Each course is designed to surprise guests with a balance of taste, aesthetics, and innovation. <\/h2>\t\t\t\t<\/div>\n\t\t\t\t<\/div>\n\t\t<div class=\"elementor-element elementor-element-00905ba e-con-full e-flex e-con e-parent\" data-id=\"00905ba\" data-element_type=\"container\" data-e-type=\"container\" data-settings=\"{&quot;background_background&quot;:&quot;classic&quot;}\">\n\t\t<div class=\"elementor-element elementor-element-8eb5792 e-con-full e-flex e-con e-child\" data-id=\"8eb5792\" data-element_type=\"container\" data-e-type=\"container\">\n\t\t<div class=\"elementor-element elementor-element-b94ded6 e-con-full e-flex e-con e-child\" data-id=\"b94ded6\" data-element_type=\"container\" data-e-type=\"container\" data-settings=\"{&quot;background_background&quot;:&quot;slideshow&quot;,&quot;background_slideshow_gallery&quot;:[{&quot;id&quot;:2392,&quot;url&quot;:&quot;http:\\\/\\\/castellodisepte.com\\\/wp-content\\\/uploads\\\/2026\\\/02\\\/photo_5816597509906828620_y.jpg&quot;},{&quot;id&quot;:439,&quot;url&quot;:&quot;http:\\\/\\\/castellodisepte.com\\\/wp-content\\\/uploads\\\/2026\\\/01\\\/CastellodiSepte_8Maggio-40.jpg&quot;},{&quot;id&quot;:951,&quot;url&quot;:&quot;http:\\\/\\\/castellodisepte.com\\\/wp-content\\\/uploads\\\/2026\\\/01\\\/CastellodiSepte_8Maggio-32.jpg&quot;},{&quot;id&quot;:948,&quot;url&quot;:&quot;http:\\\/\\\/castellodisepte.com\\\/wp-content\\\/uploads\\\/2026\\\/01\\\/CastellodiSepte_8Maggio-42.jpg&quot;},{&quot;id&quot;:937,&quot;url&quot;:&quot;http:\\\/\\\/castellodisepte.com\\\/wp-content\\\/uploads\\\/2026\\\/01\\\/CastellodiSepte_8Maggio-35.jpg&quot;}],&quot;background_slideshow_slide_duration&quot;:3000,&quot;background_slideshow_loop&quot;:&quot;yes&quot;,&quot;background_slideshow_slide_transition&quot;:&quot;fade&quot;,&quot;background_slideshow_transition_duration&quot;:500}\">\n\t\t\t\t<\/div>\n\t\t<div class=\"elementor-element elementor-element-01272ce e-con-full e-flex e-con e-child\" data-id=\"01272ce\" data-element_type=\"container\" data-e-type=\"container\">\n\t\t\t\t<div class=\"elementor-element elementor-element-8595813 elementor-widget elementor-widget-text-editor\" data-id=\"8595813\" data-element_type=\"widget\" data-e-type=\"widget\" data-widget_type=\"text-editor.default\">\n\t\t\t\t\t\t\t\t\t<p style=\"font-size: 16px;\">OPENING HOURS<\/p><p>The restaurant is open every day to non-residents as well.<\/p><p><strong>Monday \u2013 Friday<\/strong><br \/>Breakfast 07:00 \u2013 09:30 | DINNER 8:00pm \u2013 10:00pm<\/p><p><strong>Saturday<\/strong><br \/>Breakfast 07:00 \u2013 10:00 | DINNER 8:00pm \u2013 10:00pm<\/p><p><strong>Sunday<\/strong><br \/>Breakfast 07:00 \u2013 10:00 | Lunch 12:30 \u2013 2:15pm | DINNER 8:00pm \u2013 10:00pm<\/p>\t\t\t\t\t\t\t\t<\/div>\n\t\t\t\t<\/div>\n\t\t\t\t<\/div>\n\t\t<div class=\"elementor-element elementor-element-95e615a e-con-full e-flex e-con e-child\" data-id=\"95e615a\" data-element_type=\"container\" data-e-type=\"container\">\n\t\t<div class=\"elementor-element elementor-element-20d3ddd e-con-full e-flex e-con e-child\" data-id=\"20d3ddd\" data-element_type=\"container\" data-e-type=\"container\">\n\t\t<div class=\"elementor-element elementor-element-a892e04 e-con-full e-flex e-con e-child\" data-id=\"a892e04\" data-element_type=\"container\" data-e-type=\"container\">\n\t\t\t\t<div class=\"elementor-element elementor-element-1145111 elementor-widget__width-initial elementor-widget elementor-widget-heading\" data-id=\"1145111\" data-element_type=\"widget\" data-e-type=\"widget\" data-widget_type=\"heading.default\">\n\t\t\t\t\t<h2 class=\"elementor-heading-title elementor-size-default\">A cuisine that excites the palate<\/h2>\t\t\t\t<\/div>\n\t\t\t\t<div class=\"elementor-element elementor-element-71e1773 elementor-widget__width-initial elementor-widget elementor-widget-heading\" data-id=\"71e1773\" data-element_type=\"widget\" data-e-type=\"widget\" data-widget_type=\"heading.default\">\n\t\t\t\t\t<h2 class=\"elementor-heading-title elementor-size-default\">Each dish is a sensory experience: the aromas, colors, and textures are designed to stimulate all the senses, guiding the guest through a unique culinary narrative. <br> <br>\n\nFrom refined breakfasts featuring artisanal products and homemade pastries, to gourmet dinners in the castle tower, every gastronomic moment becomes a special occasion. Each course celebrates the Abruzzo region, reinterpreting classic recipes with a contemporary touch, and is accompanied by attentive and discreet service that enhances conviviality without compromising the elegance of the experience.<\/h2>\t\t\t\t<\/div>\n\t\t<div class=\"elementor-element elementor-element-70eab1a e-con-full e-flex e-con e-child\" data-id=\"70eab1a\" data-element_type=\"container\" data-e-type=\"container\" data-settings=\"{&quot;background_background&quot;:&quot;classic&quot;}\">\n\t\t\t\t<div class=\"elementor-element elementor-element-10da239 elementor-widget elementor-widget-heading\" data-id=\"10da239\" data-element_type=\"widget\" data-e-type=\"widget\" data-widget_type=\"heading.default\">\n\t\t\t\t\t<h2 class=\"elementor-heading-title elementor-size-default\">Download the menu<\/h2>\t\t\t\t<\/div>\n\t\t\t\t<\/div>\n\t\t<div class=\"elementor-element elementor-element-3543785 e-con-full e-flex e-con e-child\" data-id=\"3543785\" data-element_type=\"container\" data-e-type=\"container\" data-settings=\"{&quot;background_background&quot;:&quot;classic&quot;}\">\n\t\t\t\t<\/div>\n\t\t\t\t<\/div>\n\t\t\t\t<\/div>\n\t\t\t\t<\/div>\n\t\t\t\t<\/div>\n\t\t<div class=\"elementor-element elementor-element-932db76 e-con-full e-flex e-con e-parent\" data-id=\"932db76\" data-element_type=\"container\" data-e-type=\"container\" data-settings=\"{&quot;background_background&quot;:&quot;classic&quot;}\">\n\t\t\t\t<div class=\"elementor-element elementor-element-127c460 elementor-widget elementor-widget-heading\" data-id=\"127c460\" data-element_type=\"widget\" data-e-type=\"widget\" data-widget_type=\"heading.default\">\n\t\t\t\t\t<h2 class=\"elementor-heading-title elementor-size-default\">Abruzzo wines and <br>and genuine ingredients.<\/h2>\t\t\t\t<\/div>\n\t\t\t\t<div class=\"elementor-element elementor-element-081bb12 elementor-widget__width-initial elementor-widget elementor-widget-heading\" data-id=\"081bb12\" data-element_type=\"widget\" data-e-type=\"widget\" data-widget_type=\"heading.default\">\n\t\t\t\t\t<h2 class=\"elementor-heading-title elementor-size-default\">Our cellar offers local and national wines, from Montepulciano and Trebbiano d\u2019Abruzzo to Italian and international labels, selected to enhance every dish. Fresh and seasonal ingredients, sourced from local suppliers, make every meal an authentic and unforgettable taste experience.<\/h2>\t\t\t\t<\/div>\n\t\t\t\t<\/div>\n\t\t<div class=\"elementor-element elementor-element-30be467 e-con-full e-flex e-con e-parent\" data-id=\"30be467\" data-element_type=\"container\" data-e-type=\"container\" data-settings=\"{&quot;background_background&quot;:&quot;classic&quot;}\">\n\t\t\t\t<div class=\"elementor-element elementor-element-0403230 elementor-pagination-type-bullets elementor-arrows-position-inside elementor-pagination-position-outside elementor-widget elementor-widget-n-carousel\" data-id=\"0403230\" data-element_type=\"widget\" data-e-type=\"widget\" data-settings=\"{&quot;carousel_items&quot;:[{&quot;slide_title&quot;:&quot;Piatto pesce&quot;,&quot;_id&quot;:&quot;862b0be&quot;},{&quot;slide_title&quot;:&quot;persone&quot;,&quot;_id&quot;:&quot;79d754b&quot;},{&quot;slide_title&quot;:&quot;piatto&quot;,&quot;_id&quot;:&quot;9855ea0&quot;},{&quot;slide_title&quot;:&quot;Pasta&quot;,&quot;_id&quot;:&quot;c4d27c2&quot;},{&quot;slide_title&quot;:&quot;dolce&quot;,&quot;_id&quot;:&quot;7c61874&quot;},{&quot;slide_title&quot;:&quot;carne&quot;,&quot;_id&quot;:&quot;0fad270&quot;},{&quot;slide_title&quot;:&quot;Pesce&quot;,&quot;_id&quot;:&quot;718b7c4&quot;},{&quot;slide_title&quot;:&quot;dolce&quot;,&quot;_id&quot;:&quot;af74bb1&quot;}],&quot;autoplay_speed&quot;:3000,&quot;slides_to_show_tablet&quot;:&quot;2&quot;,&quot;slides_to_show_mobile&quot;:&quot;1&quot;,&quot;autoplay&quot;:&quot;yes&quot;,&quot;pause_on_interaction&quot;:&quot;yes&quot;,&quot;infinite&quot;:&quot;yes&quot;,&quot;speed&quot;:500,&quot;offset_sides&quot;:&quot;none&quot;,&quot;arrows&quot;:&quot;yes&quot;,&quot;pagination&quot;:&quot;bullets&quot;,&quot;image_spacing_custom&quot;:{&quot;unit&quot;:&quot;px&quot;,&quot;size&quot;:10,&quot;sizes&quot;:[]},&quot;image_spacing_custom_tablet&quot;:{&quot;unit&quot;:&quot;px&quot;,&quot;size&quot;:&quot;&quot;,&quot;sizes&quot;:[]},&quot;image_spacing_custom_mobile&quot;:{&quot;unit&quot;:&quot;px&quot;,&quot;size&quot;:&quot;&quot;,&quot;sizes&quot;:[]}}\" data-widget_type=\"nested-carousel.default\">\n\t\t\t\t\t\t\t<div class=\"e-n-carousel swiper\" role=\"region\" aria-roledescription=\"carousel\" aria-label=\"Carousel\" dir=\"ltr\">\n\t\t\t<div class=\"swiper-wrapper\" aria-live=\"off\">\n\t\t\t\t\t\t\t\t\t\t<div class=\"swiper-slide\" data-slide=\"1\" role=\"group\" aria-roledescription=\"slide\" aria-label=\"1 di 8\">\n\t\t\t\t\t\t\t<div class=\"elementor-element elementor-element-af09a03 e-flex e-con-boxed e-con e-child\" data-id=\"af09a03\" data-element_type=\"container\" data-e-type=\"container\" data-settings=\"{&quot;background_background&quot;:&quot;classic&quot;}\">\n\t\t\t\t\t<div class=\"e-con-inner\">\n\t\t\t\t\t<\/div>\n\t\t\t\t<\/div>\n\t\t\t\t\t\t\t\t<\/div>\n\t\t\t\t\t\t\t\t\t\t\t<div class=\"swiper-slide\" data-slide=\"2\" role=\"group\" aria-roledescription=\"slide\" aria-label=\"2 di 8\">\n\t\t\t\t\t\t\t<div class=\"elementor-element elementor-element-61b204c e-flex e-con-boxed e-con e-child\" data-id=\"61b204c\" data-element_type=\"container\" data-e-type=\"container\" data-settings=\"{&quot;background_background&quot;:&quot;classic&quot;}\">\n\t\t\t\t\t<div class=\"e-con-inner\">\n\t\t\t\t\t<\/div>\n\t\t\t\t<\/div>\n\t\t\t\t\t\t\t\t<\/div>\n\t\t\t\t\t\t\t\t\t\t\t<div class=\"swiper-slide\" data-slide=\"3\" role=\"group\" aria-roledescription=\"slide\" aria-label=\"3 di 8\">\n\t\t\t\t\t\t\t<div class=\"elementor-element elementor-element-81d5f2d e-flex e-con-boxed e-con e-child\" data-id=\"81d5f2d\" data-element_type=\"container\" data-e-type=\"container\" data-settings=\"{&quot;background_background&quot;:&quot;classic&quot;}\">\n\t\t\t\t\t<div class=\"e-con-inner\">\n\t\t\t\t\t<\/div>\n\t\t\t\t<\/div>\n\t\t\t\t\t\t\t\t<\/div>\n\t\t\t\t\t\t\t\t\t\t\t<div class=\"swiper-slide\" data-slide=\"4\" role=\"group\" aria-roledescription=\"slide\" aria-label=\"4 di 8\">\n\t\t\t\t\t\t\t<div class=\"elementor-element elementor-element-447cc9f e-flex e-con-boxed e-con e-child\" data-id=\"447cc9f\" data-element_type=\"container\" data-e-type=\"container\" data-settings=\"{&quot;background_background&quot;:&quot;classic&quot;}\">\n\t\t\t\t\t<div class=\"e-con-inner\">\n\t\t\t\t\t<\/div>\n\t\t\t\t<\/div>\n\t\t\t\t\t\t\t\t<\/div>\n\t\t\t\t\t\t\t\t\t\t\t<div class=\"swiper-slide\" data-slide=\"5\" role=\"group\" aria-roledescription=\"slide\" aria-label=\"5 di 8\">\n\t\t\t\t\t\t\t<div class=\"elementor-element elementor-element-940aca4 e-flex e-con-boxed e-con e-child\" data-id=\"940aca4\" data-element_type=\"container\" data-e-type=\"container\" data-settings=\"{&quot;background_background&quot;:&quot;classic&quot;}\">\n\t\t\t\t\t<div class=\"e-con-inner\">\n\t\t\t\t\t<\/div>\n\t\t\t\t<\/div>\n\t\t\t\t\t\t\t\t<\/div>\n\t\t\t\t\t\t\t\t\t\t\t<div class=\"swiper-slide\" data-slide=\"6\" role=\"group\" aria-roledescription=\"slide\" aria-label=\"6 di 8\">\n\t\t\t\t\t\t\t<div class=\"elementor-element elementor-element-1309aeb e-flex e-con-boxed e-con e-child\" data-id=\"1309aeb\" data-element_type=\"container\" data-e-type=\"container\" data-settings=\"{&quot;background_background&quot;:&quot;classic&quot;}\">\n\t\t\t\t\t<div class=\"e-con-inner\">\n\t\t\t\t\t<\/div>\n\t\t\t\t<\/div>\n\t\t\t\t\t\t\t\t<\/div>\n\t\t\t\t\t\t\t\t\t\t\t<div class=\"swiper-slide\" data-slide=\"7\" role=\"group\" aria-roledescription=\"slide\" aria-label=\"7 di 8\">\n\t\t\t\t\t\t\t<div class=\"elementor-element elementor-element-57a16c4 e-flex e-con-boxed e-con e-child\" data-id=\"57a16c4\" data-element_type=\"container\" data-e-type=\"container\" data-settings=\"{&quot;background_background&quot;:&quot;classic&quot;}\">\n\t\t\t\t\t<div class=\"e-con-inner\">\n\t\t\t\t\t<\/div>\n\t\t\t\t<\/div>\n\t\t\t\t\t\t\t\t<\/div>\n\t\t\t\t\t\t\t\t\t\t\t<div class=\"swiper-slide\" data-slide=\"8\" role=\"group\" aria-roledescription=\"slide\" aria-label=\"8 di 8\">\n\t\t\t\t\t\t\t<div class=\"elementor-element elementor-element-ad2cb6b e-flex e-con-boxed e-con e-child\" data-id=\"ad2cb6b\" data-element_type=\"container\" data-e-type=\"container\" data-settings=\"{&quot;background_background&quot;:&quot;classic&quot;}\">\n\t\t\t\t\t<div class=\"e-con-inner\">\n\t\t\t\t\t<\/div>\n\t\t\t\t<\/div>\n\t\t\t\t\t\t\t\t<\/div>\n\t\t\t\t\t\t\t\t<\/div>\n\t\t<\/div>\n\t\t\t\t\t<div class=\"elementor-swiper-button elementor-swiper-button-prev\" role=\"button\" tabindex=\"0\" aria-label=\"Previous\">\n\t\t\t\t<svg aria-hidden=\"true\" class=\"e-font-icon-svg e-fas-chevron-left\" viewbox=\"0 0 320 512\" xmlns=\"http:\/\/www.w3.org\/2000\/svg\"><path d=\"M34.52 239.03L228.87 44.69c9.37-9.37 24.57-9.37 33.94 0l22.67 22.67c9.36 9.36 9.37 24.52.04 33.9L131.49 256l154.02 154.75c9.34 9.38 9.32 24.54-.04 33.9l-22.67 22.67c-9.37 9.37-24.57 9.37-33.94 0L34.52 272.97c-9.37-9.37-9.37-24.57 0-33.94z\"><\/path><\/svg>\t\t\t<\/div>\n\t\t\t<div class=\"elementor-swiper-button elementor-swiper-button-next\" role=\"button\" tabindex=\"0\" aria-label=\"Next\">\n\t\t\t\t<svg aria-hidden=\"true\" class=\"e-font-icon-svg e-fas-chevron-right\" viewbox=\"0 0 320 512\" xmlns=\"http:\/\/www.w3.org\/2000\/svg\"><path d=\"M285.476 272.971L91.132 467.314c-9.373 9.373-24.569 9.373-33.941 0l-22.667-22.667c-9.357-9.357-9.375-24.522-.04-33.901L188.505 256 34.484 101.255c-9.335-9.379-9.317-24.544.04-33.901l22.667-22.667c9.373-9.373 24.569-9.373 33.941 0L285.475 239.03c9.373 9.372 9.373 24.568.001 33.941z\"><\/path><\/svg>\t\t\t<\/div>\n\t\t\t\t\t<div class=\"swiper-pagination\"><\/div>\n\t\t\t\t\t\t<\/div>\n\t\t\t\t<\/div>\n\t\t<div class=\"elementor-element elementor-element-9b76783 e-con-full e-flex e-con e-parent\" data-id=\"9b76783\" data-element_type=\"container\" data-e-type=\"container\" data-settings=\"{&quot;background_background&quot;:&quot;classic&quot;}\">\n\t\t<div class=\"elementor-element elementor-element-27d5d5d e-con-full e-flex e-con e-child\" data-id=\"27d5d5d\" data-element_type=\"container\" data-e-type=\"container\">\n\t\t<div class=\"elementor-element elementor-element-68ac162 e-con-full e-flex e-con e-child\" data-id=\"68ac162\" data-element_type=\"container\" data-e-type=\"container\" data-settings=\"{&quot;background_background&quot;:&quot;classic&quot;}\">\n\t\t\t\t<\/div>\n\t\t<div class=\"elementor-element elementor-element-c28a14f e-con-full elementor-hidden-tablet elementor-hidden-mobile e-flex e-con e-child\" data-id=\"c28a14f\" data-element_type=\"container\" data-e-type=\"container\">\n\t\t\t\t<div class=\"elementor-element elementor-element-ef92dac elementor-widget elementor-widget-heading\" data-id=\"ef92dac\" data-element_type=\"widget\" data-e-type=\"widget\" data-widget_type=\"heading.default\">\n\t\t\t\t\t<h2 class=\"elementor-heading-title elementor-size-default\">The silence of the tower, soft lighting, and a table for two.<\/h2>\t\t\t\t<\/div>\n\t\t\t\t<\/div>\n\t\t\t\t<\/div>\n\t\t<div class=\"elementor-element elementor-element-930782b e-con-full e-flex e-con e-child\" data-id=\"930782b\" data-element_type=\"container\" data-e-type=\"container\">\n\t\t<div class=\"elementor-element elementor-element-4e4b30a e-con-full e-flex e-con e-child\" data-id=\"4e4b30a\" data-element_type=\"container\" data-e-type=\"container\">\n\t\t<div class=\"elementor-element elementor-element-a999bf1 e-con-full e-flex e-con e-child\" data-id=\"a999bf1\" data-element_type=\"container\" data-e-type=\"container\">\n\t\t\t\t<div class=\"elementor-element elementor-element-da2128a elementor-widget__width-initial elementor-widget elementor-widget-heading\" data-id=\"da2128a\" data-element_type=\"widget\" data-e-type=\"widget\" data-widget_type=\"heading.default\">\n\t\t\t\t\t<h2 class=\"elementor-heading-title elementor-size-default\">A Private Dinner in the Castle Tower<\/h2>\t\t\t\t<\/div>\n\t\t\t\t<div class=\"elementor-element elementor-element-0a79173 elementor-widget__width-initial elementor-widget elementor-widget-heading\" data-id=\"0a79173\" data-element_type=\"widget\" data-e-type=\"widget\" data-widget_type=\"heading.default\">\n\t\t\t\t\t<h2 class=\"elementor-heading-title elementor-size-default\">Inside one of the towers of Castello di Septe, the restaurant provides a private area designed for those seeking an intimate and secluded experience. <br> <br>\n\nA single table, enclosed by the castle's historic stone, offers privacy and silence, creating the ideal atmosphere for special dinners, shared moments, or occasions that deserve discretion and attention.<\/h2>\t\t\t\t<\/div>\n\t\t<div class=\"elementor-element elementor-element-a5c9039 e-con-full e-flex e-con e-child\" data-id=\"a5c9039\" data-element_type=\"container\" data-e-type=\"container\" data-settings=\"{&quot;background_background&quot;:&quot;classic&quot;}\">\n\t\t\t\t<\/div>\n\t\t\t\t<\/div>\n\t\t\t\t<\/div>\n\t\t\t\t<\/div>\n\t\t\t\t<\/div>\n\t\t\t\t<\/div>","protected":false},"excerpt":{"rendered":"<p>Tradizione e gusto nel ristorante di Castello di Septe La cucina \u00e8 un viaggio nei sapori autentici dell\u2019Abruzzo, dove tradizione e creativit\u00e0 si incontrano in piatti raffinati. Ogni portata \u00e8 pensata per sorprendere gli ospiti con equilibrio tra gusto, estetica e innovazione. ORARI APERTURA Il ristorante \u00e8 aperto tutti i giorni anche agli ospiti esterni. [&hellip;]<\/p>","protected":false},"author":1,"featured_media":0,"parent":0,"menu_order":0,"comment_status":"closed","ping_status":"closed","template":"","meta":{"footnotes":""},"class_list":["post-935","page","type-page","status-publish","hentry"],"_links":{"self":[{"href":"https:\/\/castellodisepte.com\/en\/wp-json\/wp\/v2\/pages\/935","targetHints":{"allow":["GET"]}}],"collection":[{"href":"https:\/\/castellodisepte.com\/en\/wp-json\/wp\/v2\/pages"}],"about":[{"href":"https:\/\/castellodisepte.com\/en\/wp-json\/wp\/v2\/types\/page"}],"author":[{"embeddable":true,"href":"https:\/\/castellodisepte.com\/en\/wp-json\/wp\/v2\/users\/1"}],"replies":[{"embeddable":true,"href":"https:\/\/castellodisepte.com\/en\/wp-json\/wp\/v2\/comments?post=935"}],"version-history":[{"count":121,"href":"https:\/\/castellodisepte.com\/en\/wp-json\/wp\/v2\/pages\/935\/revisions"}],"predecessor-version":[{"id":2511,"href":"https:\/\/castellodisepte.com\/en\/wp-json\/wp\/v2\/pages\/935\/revisions\/2511"}],"wp:attachment":[{"href":"https:\/\/castellodisepte.com\/en\/wp-json\/wp\/v2\/media?parent=935"}],"curies":[{"name":"wp","href":"https:\/\/api.w.org\/{rel}","templated":true}]}}